{"id":200,"date":"2018-06-19T22:07:19","date_gmt":"2018-06-19T20:07:19","guid":{"rendered":"http:\/\/ecoprocessus.com\/wp18\/?page_id=200"},"modified":"2021-12-06T12:58:35","modified_gmt":"2021-12-06T17:58:35","slug":"accueil","status":"publish","type":"page","link":"https:\/\/ecoprocessus.com\/wp18\/","title":{"rendered":"Accueil"},"content":{"rendered":"<p>\u00c9voluer dans un \u00e9cosyst\u00e8me complexe<\/p>\n<p><!-- .container --><br \/>\n\t\t\t\t\t\t\t\t <!-- .overlay --><\/p>\n<p>Innover | \u00c9voluer | Performer\t\t\t\t\t\t\t\t<\/p>\n<p>Propulsez votre entreprise gr\u00e2ce \u00e0 vos performances sociales et environnementales, de puissants leviers d\u2019innovation et de croissance.\u00a0<br \/>\n\t\t\t\t\t\t\t\t\t\t\t\t\t\t\t\t\t\t\t\t\t\t\t\t\t\t\t\t\t\t\t\t\t\t\t\t\t\u00c9coProcessus vous accompagne \u00e0 travers toutes les \u00e9tapes qui vous m\u00e8neront \u00e0 optimiser les performances sociales et environnementales de votre organisation. Vous vous d\u00e9marquerez \u00e0 coup s\u00fbr dans votre secteur d\u2019activit\u00e9 et serez en mesure de relever les d\u00e9fis du 21e si\u00e8cle :Maintenir des relations harmonieuses avec les communaut\u00e9s et l\u2019acceptabilit\u00e9 sociale de vos projetsVous d\u00e9marquer comme employeurOptimiser votre cha\u00eene logistique et cr\u00e9er de la valeur pour votre entreprise et vos partenaires strat\u00e9giquesDemeurer un leader de votre secteur d\u2019activit\u00e9 et fid\u00e9liser votre client\u00e8leNotre approche vous permet de mieux comprendre les enjeux sociaux et environnementaux strat\u00e9giques auxquels vous faites face et de vous questionner sur l\u2019int\u00e9gration de ces enjeux dans vos processus d\u2019affaires cl\u00e9s. Les entreprises performantes r\u00e9ussiront \u00e0 d\u00e9velopper des relations structurantes avec leurs employ\u00e9s, les communaut\u00e9s, leurs fournisseurs, leurs clients et parfois m\u00eame leurs concurrents! &nbsp;La valeur g\u00e9n\u00e9r\u00e9e dans toute votre cha\u00eene logistique sera un moteur d\u2019innovation, d\u2019efficacit\u00e9 et de fiert\u00e9 puissant pour votre entreprise.<\/p>\n<p><!-- \/row --><\/p>\n<p>Les services\t\t\t\t\t\t\t\t<\/p>\n<p>\u00c9valuer vos performances sociales et environnementales\t\t\t\t\t\t\t\t\t\t\t\t\t<\/p>\n<p>Adapter vos processus d&rsquo;affaires\t\t\t\t\t\t\t\t\t\t\t\t\t<\/p>\n<p>Tirer profit de vos relations strat\u00e9giques\t\t\t\t\t\t\t\t\t\t\t\t\t<\/p>\n<p><a href=\"\/services\">+ En savoir plus<\/a><\/p>\n<p><!-- \/row --><\/p>\n","protected":false},"excerpt":{"rendered":"<p class=\"excerpt\">\u00c9voluer dans un \u00e9cosyst\u00e8me complexe<br \/>\n<\/p>\n<p class=\"excerpt\">Innover | \u00c9voluer | Performer<br \/>\nPropulsez votre entreprise gr\u00e2ce [&#8230;]<\/p>\n","protected":false},"author":1,"featured_media":0,"parent":0,"menu_order":0,"comment_status":"closed","ping_status":"closed","template":"builder.php","meta":[],"yoast_head":"<!-- This site is optimized with the Yoast SEO plugin v19.2 - https:\/\/yoast.com\/wordpress\/plugins\/seo\/ -->\n<title>Accueil - \u00c9coProcessus<\/title>\n<meta name=\"robots\" content=\"index, follow, max-snippet:-1, max-image-preview:large, max-video-preview:-1\" \/>\n<link rel=\"canonical\" href=\"https:\/\/ecoprocessus.com\/wp18\/\" \/>\n<meta property=\"og:locale\" content=\"fr_FR\" \/>\n<meta property=\"og:type\" content=\"article\" \/>\n<meta property=\"og:title\" content=\"Accueil - \u00c9coProcessus\" \/>\n<meta property=\"og:description\" content=\"\u00c9voluer dans un \u00e9cosyst\u00e8me complexe      Innover | \u00c9voluer | Performer     Propulsez votre entreprise gr\u00e2ce [...]\" \/>\n<meta property=\"og:url\" content=\"https:\/\/ecoprocessus.com\/wp18\/\" \/>\n<meta property=\"og:site_name\" content=\"\u00c9coProcessus\" \/>\n<meta property=\"article:modified_time\" content=\"2021-12-06T17:58:35+00:00\" \/>\n<meta name=\"author\" content=\"Fr4nc01s\" \/>\n<meta name=\"twitter:card\" content=\"summary_large_image\" \/>\n<meta name=\"twitter:label1\" content=\"Dur\u00e9e de lecture estim\u00e9e\" \/>\n\t<meta name=\"twitter:data1\" content=\"1 minute\" \/>\n<script type=\"application\/ld+json\" class=\"yoast-schema-graph\">{\"@context\":\"https:\/\/schema.org\",\"@graph\":[{\"@type\":\"WebSite\",\"@id\":\"https:\/\/ecoprocessus.com\/wp18\/#website\",\"url\":\"https:\/\/ecoprocessus.com\/wp18\/\",\"name\":\"\u00c9coProcessus\",\"description\":\"\u00c9voluer dans un \u00e9cosyst\u00e8me complexe\",\"potentialAction\":[{\"@type\":\"SearchAction\",\"target\":{\"@type\":\"EntryPoint\",\"urlTemplate\":\"https:\/\/ecoprocessus.com\/wp18\/?s={search_term_string}\"},\"query-input\":\"required name=search_term_string\"}],\"inLanguage\":\"fr-FR\"},{\"@type\":\"WebPage\",\"@id\":\"https:\/\/ecoprocessus.com\/wp18\/#webpage\",\"url\":\"https:\/\/ecoprocessus.com\/wp18\/\",\"name\":\"Accueil - \u00c9coProcessus\",\"isPartOf\":{\"@id\":\"https:\/\/ecoprocessus.com\/wp18\/#website\"},\"datePublished\":\"2018-06-19T20:07:19+00:00\",\"dateModified\":\"2021-12-06T17:58:35+00:00\",\"breadcrumb\":{\"@id\":\"https:\/\/ecoprocessus.com\/wp18\/#breadcrumb\"},\"inLanguage\":\"fr-FR\",\"potentialAction\":[{\"@type\":\"ReadAction\",\"target\":[\"https:\/\/ecoprocessus.com\/wp18\/\"]}]},{\"@type\":\"BreadcrumbList\",\"@id\":\"https:\/\/ecoprocessus.com\/wp18\/#breadcrumb\",\"itemListElement\":[{\"@type\":\"ListItem\",\"position\":1,\"name\":\"Accueil\",\"item\":\"https:\/\/ecoprocessus.com\/wp18\/\"},{\"@type\":\"ListItem\",\"position\":2,\"name\":\"Accueil\"}]}]}<\/script>\n<!-- \/ Yoast SEO plugin. -->","yoast_head_json":{"title":"Accueil - \u00c9coProcessus","robots":{"index":"index","follow":"follow","max-snippet":"max-snippet:-1","max-image-preview":"max-image-preview:large","max-video-preview":"max-video-preview:-1"},"canonical":"https:\/\/ecoprocessus.com\/wp18\/","og_locale":"fr_FR","og_type":"article","og_title":"Accueil - \u00c9coProcessus","og_description":"\u00c9voluer dans un \u00e9cosyst\u00e8me complexe      Innover | \u00c9voluer | Performer     Propulsez votre entreprise gr\u00e2ce [...]","og_url":"https:\/\/ecoprocessus.com\/wp18\/","og_site_name":"\u00c9coProcessus","article_modified_time":"2021-12-06T17:58:35+00:00","author":"Fr4nc01s","twitter_card":"summary_large_image","twitter_misc":{"Dur\u00e9e de lecture estim\u00e9e":"1 minute"},"schema":{"@context":"https:\/\/schema.org","@graph":[{"@type":"WebSite","@id":"https:\/\/ecoprocessus.com\/wp18\/#website","url":"https:\/\/ecoprocessus.com\/wp18\/","name":"\u00c9coProcessus","description":"\u00c9voluer dans un \u00e9cosyst\u00e8me complexe","potentialAction":[{"@type":"SearchAction","target":{"@type":"EntryPoint","urlTemplate":"https:\/\/ecoprocessus.com\/wp18\/?s={search_term_string}"},"query-input":"required name=search_term_string"}],"inLanguage":"fr-FR"},{"@type":"WebPage","@id":"https:\/\/ecoprocessus.com\/wp18\/#webpage","url":"https:\/\/ecoprocessus.com\/wp18\/","name":"Accueil - \u00c9coProcessus","isPartOf":{"@id":"https:\/\/ecoprocessus.com\/wp18\/#website"},"datePublished":"2018-06-19T20:07:19+00:00","dateModified":"2021-12-06T17:58:35+00:00","breadcrumb":{"@id":"https:\/\/ecoprocessus.com\/wp18\/#breadcrumb"},"inLanguage":"fr-FR","potentialAction":[{"@type":"ReadAction","target":["https:\/\/ecoprocessus.com\/wp18\/"]}]},{"@type":"BreadcrumbList","@id":"https:\/\/ecoprocessus.com\/wp18\/#breadcrumb","itemListElement":[{"@type":"ListItem","position":1,"name":"Accueil","item":"https:\/\/ecoprocessus.com\/wp18\/"},{"@type":"ListItem","position":2,"name":"Accueil"}]}]}},"_links":{"self":[{"href":"https:\/\/ecoprocessus.com\/wp18\/wp-json\/wp\/v2\/pages\/200"}],"collection":[{"href":"https:\/\/ecoprocessus.com\/wp18\/wp-json\/wp\/v2\/pages"}],"about":[{"href":"https:\/\/ecoprocessus.com\/wp18\/wp-json\/wp\/v2\/types\/page"}],"author":[{"embeddable":true,"href":"https:\/\/ecoprocessus.com\/wp18\/wp-json\/wp\/v2\/users\/1"}],"replies":[{"embeddable":true,"href":"https:\/\/ecoprocessus.com\/wp18\/wp-json\/wp\/v2\/comments?post=200"}],"version-history":[{"count":103,"href":"https:\/\/ecoprocessus.com\/wp18\/wp-json\/wp\/v2\/pages\/200\/revisions"}],"predecessor-version":[{"id":719,"href":"https:\/\/ecoprocessus.com\/wp18\/wp-json\/wp\/v2\/pages\/200\/revisions\/719"}],"wp:attachment":[{"href":"https:\/\/ecoprocessus.com\/wp18\/wp-json\/wp\/v2\/media?parent=200"}],"curies":[{"name":"wp","href":"https:\/\/api.w.org\/{rel}","templated":true}]}}