{"id":353,"date":"2018-06-20T17:44:34","date_gmt":"2018-06-20T15:44:34","guid":{"rendered":"http:\/\/ecoprocessus.com\/wp18\/accueil-copier\/"},"modified":"2021-12-06T12:58:35","modified_gmt":"2021-12-06T17:58:35","slug":"services","status":"publish","type":"page","link":"https:\/\/ecoprocessus.com\/wp18\/services\/","title":{"rendered":"Les services"},"content":{"rendered":"<p><!-- .container --><br \/>\n\t\t\t\t\t\t\t\t <!-- .overlay --><\/p>\n<p>Innover | \u00c9voluer | Performer\t\t\t\t\t\t\t\t<\/p>\n<p>La d\u00e9marche consiste d\u2019abord \u00e0 se questionner et identifier les enjeux sociaux et environnementaux strat\u00e9giques pour votre organisation. Quels sont vos impacts? Quels sont vos risques? Qui sont vos parties prenantes?Par la suite, nous travaillons en \u00e9troite collaboration avec les membres de votre \u00e9quipe pour adapter vos processus internes afin d\u2019int\u00e9grer ces enjeux efficacement et faire \u00e9voluer vos pratiques. Nous facilitons le changement et accompagnons l\u2019entreprise dans l\u2019implantation avec une approche participative orient\u00e9e sur l\u2019apprentissage dans l\u2019action.Pour se d\u00e9marquer, votre entreprise doit mettre en place des processus efficaces et des partenariats structurants. Elle doit \u00eatre flexible et ouverte au changement dans un contexte en perp\u00e9tuelle mutation. Elle doit optimiser sa cha\u00eene logistique et devenir plus r\u00e9siliente gr\u00e2ce \u00e0 l\u2019engagement des parties prenantes internes et externes.<\/p>\n<p><!-- \/row --><\/p>\n<p>Les services\t\t\t\t\t\t\t\t<\/p>\n<p>1. \u00c9valuer vos performances sociales et environnementalesAtelier strat\u00e9gique d\u2019\u00e9valuation de vos performances sociales et environnementalesIdentification des priorit\u00e9s d\u2019action dans une perspective de d\u00e9veloppement durableSyst\u00e8me de gestion des risques sociaux2. Adapter vos processus d\u2019affairesInt\u00e9gration des enjeux sociaux et environnementaux \u00e0 vos processus d\u2019affaires pour am\u00e9liorer vos performancesAnimation d\u2019atelier d\u2019id\u00e9ation multidisciplinaire dans une perspective de d\u00e9veloppement durableFormation sur mesure, coaching et accompagnement pour am\u00e9liorer vos performances sociales et environnementales3. Tirer profit de vos relations strat\u00e9giquesProcessus de dialogue et de consultation des parties prenantesD\u00e9veloppement de partenariats avec vos parties prenantes cl\u00e9s (clients, fournisseurs, partenaires d\u2019affaires)D\u00e9veloppement de partenariats structurants avec les populations et les Premi\u00e8res Nations sur le territoireSuivi et mesure des performances des partenariats<\/p>\n<p><!-- \/row --><\/p>\n","protected":false},"excerpt":{"rendered":"<p class=\"excerpt\"><\/p>\n<p class=\"excerpt\">Innover | \u00c9voluer | Performer<br \/>\nLa d\u00e9marche consiste d\u2019abord \u00e0 se questionner et [&#8230;]<\/p>\n","protected":false},"author":1,"featured_media":0,"parent":0,"menu_order":0,"comment_status":"closed","ping_status":"closed","template":"builder.php","meta":[],"yoast_head":"<!-- This site is optimized with the Yoast SEO plugin v19.2 - https:\/\/yoast.com\/wordpress\/plugins\/seo\/ -->\n<title>Les services - \u00c9coProcessus<\/title>\n<meta name=\"robots\" content=\"index, follow, max-snippet:-1, max-image-preview:large, max-video-preview:-1\" \/>\n<link rel=\"canonical\" href=\"https:\/\/ecoprocessus.com\/wp18\/services\/\" \/>\n<meta property=\"og:locale\" content=\"fr_FR\" \/>\n<meta property=\"og:type\" content=\"article\" \/>\n<meta property=\"og:title\" content=\"Les services - \u00c9coProcessus\" \/>\n<meta property=\"og:description\" content=\"Innover | \u00c9voluer | Performer     La d\u00e9marche consiste d\u2019abord \u00e0 se questionner et [...]\" \/>\n<meta property=\"og:url\" content=\"https:\/\/ecoprocessus.com\/wp18\/services\/\" \/>\n<meta property=\"og:site_name\" content=\"\u00c9coProcessus\" \/>\n<meta property=\"article:modified_time\" content=\"2021-12-06T17:58:35+00:00\" \/>\n<meta name=\"author\" content=\"Fr4nc01s\" \/>\n<meta name=\"twitter:card\" content=\"summary_large_image\" \/>\n<meta name=\"twitter:label1\" content=\"Dur\u00e9e de lecture estim\u00e9e\" \/>\n\t<meta name=\"twitter:data1\" content=\"1 minute\" \/>\n<script type=\"application\/ld+json\" class=\"yoast-schema-graph\">{\"@context\":\"https:\/\/schema.org\",\"@graph\":[{\"@type\":\"WebSite\",\"@id\":\"https:\/\/ecoprocessus.com\/wp18\/#website\",\"url\":\"https:\/\/ecoprocessus.com\/wp18\/\",\"name\":\"\u00c9coProcessus\",\"description\":\"\u00c9voluer dans un \u00e9cosyst\u00e8me complexe\",\"potentialAction\":[{\"@type\":\"SearchAction\",\"target\":{\"@type\":\"EntryPoint\",\"urlTemplate\":\"https:\/\/ecoprocessus.com\/wp18\/?s={search_term_string}\"},\"query-input\":\"required name=search_term_string\"}],\"inLanguage\":\"fr-FR\"},{\"@type\":\"WebPage\",\"@id\":\"https:\/\/ecoprocessus.com\/wp18\/services\/#webpage\",\"url\":\"https:\/\/ecoprocessus.com\/wp18\/services\/\",\"name\":\"Les services - \u00c9coProcessus\",\"isPartOf\":{\"@id\":\"https:\/\/ecoprocessus.com\/wp18\/#website\"},\"datePublished\":\"2018-06-20T15:44:34+00:00\",\"dateModified\":\"2021-12-06T17:58:35+00:00\",\"breadcrumb\":{\"@id\":\"https:\/\/ecoprocessus.com\/wp18\/services\/#breadcrumb\"},\"inLanguage\":\"fr-FR\",\"potentialAction\":[{\"@type\":\"ReadAction\",\"target\":[\"https:\/\/ecoprocessus.com\/wp18\/services\/\"]}]},{\"@type\":\"BreadcrumbList\",\"@id\":\"https:\/\/ecoprocessus.com\/wp18\/services\/#breadcrumb\",\"itemListElement\":[{\"@type\":\"ListItem\",\"position\":1,\"name\":\"Accueil\",\"item\":\"https:\/\/ecoprocessus.com\/wp18\/\"},{\"@type\":\"ListItem\",\"position\":2,\"name\":\"Les services\"}]}]}<\/script>\n<!-- \/ Yoast SEO plugin. -->","yoast_head_json":{"title":"Les services - \u00c9coProcessus","robots":{"index":"index","follow":"follow","max-snippet":"max-snippet:-1","max-image-preview":"max-image-preview:large","max-video-preview":"max-video-preview:-1"},"canonical":"https:\/\/ecoprocessus.com\/wp18\/services\/","og_locale":"fr_FR","og_type":"article","og_title":"Les services - \u00c9coProcessus","og_description":"Innover | \u00c9voluer | Performer     La d\u00e9marche consiste d\u2019abord \u00e0 se questionner et [...]","og_url":"https:\/\/ecoprocessus.com\/wp18\/services\/","og_site_name":"\u00c9coProcessus","article_modified_time":"2021-12-06T17:58:35+00:00","author":"Fr4nc01s","twitter_card":"summary_large_image","twitter_misc":{"Dur\u00e9e de lecture estim\u00e9e":"1 minute"},"schema":{"@context":"https:\/\/schema.org","@graph":[{"@type":"WebSite","@id":"https:\/\/ecoprocessus.com\/wp18\/#website","url":"https:\/\/ecoprocessus.com\/wp18\/","name":"\u00c9coProcessus","description":"\u00c9voluer dans un \u00e9cosyst\u00e8me complexe","potentialAction":[{"@type":"SearchAction","target":{"@type":"EntryPoint","urlTemplate":"https:\/\/ecoprocessus.com\/wp18\/?s={search_term_string}"},"query-input":"required name=search_term_string"}],"inLanguage":"fr-FR"},{"@type":"WebPage","@id":"https:\/\/ecoprocessus.com\/wp18\/services\/#webpage","url":"https:\/\/ecoprocessus.com\/wp18\/services\/","name":"Les services - \u00c9coProcessus","isPartOf":{"@id":"https:\/\/ecoprocessus.com\/wp18\/#website"},"datePublished":"2018-06-20T15:44:34+00:00","dateModified":"2021-12-06T17:58:35+00:00","breadcrumb":{"@id":"https:\/\/ecoprocessus.com\/wp18\/services\/#breadcrumb"},"inLanguage":"fr-FR","potentialAction":[{"@type":"ReadAction","target":["https:\/\/ecoprocessus.com\/wp18\/services\/"]}]},{"@type":"BreadcrumbList","@id":"https:\/\/ecoprocessus.com\/wp18\/services\/#breadcrumb","itemListElement":[{"@type":"ListItem","position":1,"name":"Accueil","item":"https:\/\/ecoprocessus.com\/wp18\/"},{"@type":"ListItem","position":2,"name":"Les services"}]}]}},"_links":{"self":[{"href":"https:\/\/ecoprocessus.com\/wp18\/wp-json\/wp\/v2\/pages\/353"}],"collection":[{"href":"https:\/\/ecoprocessus.com\/wp18\/wp-json\/wp\/v2\/pages"}],"about":[{"href":"https:\/\/ecoprocessus.com\/wp18\/wp-json\/wp\/v2\/types\/page"}],"author":[{"embeddable":true,"href":"https:\/\/ecoprocessus.com\/wp18\/wp-json\/wp\/v2\/users\/1"}],"replies":[{"embeddable":true,"href":"https:\/\/ecoprocessus.com\/wp18\/wp-json\/wp\/v2\/comments?post=353"}],"version-history":[{"count":18,"href":"https:\/\/ecoprocessus.com\/wp18\/wp-json\/wp\/v2\/pages\/353\/revisions"}],"predecessor-version":[{"id":680,"href":"https:\/\/ecoprocessus.com\/wp18\/wp-json\/wp\/v2\/pages\/353\/revisions\/680"}],"wp:attachment":[{"href":"https:\/\/ecoprocessus.com\/wp18\/wp-json\/wp\/v2\/media?parent=353"}],"curies":[{"name":"wp","href":"https:\/\/api.w.org\/{rel}","templated":true}]}}